{"id":626,"date":"2017-02-02T14:26:58","date_gmt":"2017-02-02T14:26:58","guid":{"rendered":"http:\/\/test.kriesi.at\/enfold-2017\/?page_id=626"},"modified":"2022-08-31T10:55:03","modified_gmt":"2022-08-31T08:55:03","slug":"about-us","status":"publish","type":"page","link":"https:\/\/ltpoc.no\/?page_id=626","title":{"rendered":"Om oss"},"content":{"rendered":"<div id='av_section_1'  class='avia-section av-95kguq-0030e857ad479b0ae38d033a8d283f41 main_color avia-section-large avia-no-border-styling  avia-builder-el-0  avia-builder-el-no-sibling  avia-bg-style-scroll container_wrap sidebar_right'  ><div class='container av-section-cont-open' ><main  role=\"main\" itemprop=\"mainContentOfPage\"  class='template-page content  av-content-small alpha units'><div class='post-entry post-entry-type-page post-entry-626'><div class='entry-content-wrapper clearfix'>\n\n<style type=\"text\/css\" data-created_by=\"avia_inline_auto\" id=\"style-css-av-8y7yh6-18e8a60e87fdb4cb0c2c68716a3f83d7\">\n#top .av-special-heading.av-8y7yh6-18e8a60e87fdb4cb0c2c68716a3f83d7{\npadding-bottom:20px;\nfont-size:40px;\n}\nbody .av-special-heading.av-8y7yh6-18e8a60e87fdb4cb0c2c68716a3f83d7 .av-special-heading-tag .heading-char{\nfont-size:25px;\n}\n#top #wrap_all .av-special-heading.av-8y7yh6-18e8a60e87fdb4cb0c2c68716a3f83d7 .av-special-heading-tag{\nfont-size:40px;\n}\n.av-special-heading.av-8y7yh6-18e8a60e87fdb4cb0c2c68716a3f83d7 .av-subheading{\nfont-size:15px;\n}\n\n@media only screen and (min-width: 480px) and (max-width: 767px){ \n#top #wrap_all .av-special-heading.av-8y7yh6-18e8a60e87fdb4cb0c2c68716a3f83d7 .av-special-heading-tag{\nfont-size:0.8em;\n}\n}\n\n@media only screen and (max-width: 479px){ \n#top #wrap_all .av-special-heading.av-8y7yh6-18e8a60e87fdb4cb0c2c68716a3f83d7 .av-special-heading-tag{\nfont-size:0.8em;\n}\n}\n<\/style>\n<div  class='av-special-heading av-8y7yh6-18e8a60e87fdb4cb0c2c68716a3f83d7 av-special-heading-h2 blockquote modern-quote  avia-builder-el-1  el_before_av_hr  avia-builder-el-first  av-inherit-size'><h2 class='av-special-heading-tag'  itemprop=\"headline\"  >Om LT POC<\/h2><div class=\"special-heading-border\"><div class=\"special-heading-inner-border\"><\/div><\/div><\/div>\n\n<style type=\"text\/css\" data-created_by=\"avia_inline_auto\" id=\"style-css-av-vn3fe-6d0554662246b0c5032543c988caddfb\">\n#top .hr.av-vn3fe-6d0554662246b0c5032543c988caddfb{\nmargin-top:10px;\nmargin-bottom:10px;\n}\n.hr.av-vn3fe-6d0554662246b0c5032543c988caddfb .hr-inner{\nwidth:50px;\nborder-color:#000000;\n}\n<\/style>\n<div  class='hr av-vn3fe-6d0554662246b0c5032543c988caddfb hr-custom  avia-builder-el-2  el_after_av_heading  el_before_av_one_half  hr-left hr-icon-no'><span class='hr-inner inner-border-av-border-fat'><span class=\"hr-inner-style\"><\/span><\/span><\/div>\n\n<style type=\"text\/css\" data-created_by=\"avia_inline_auto\" id=\"style-css-av-vj5ga-10d45861da485b9554cf969bfc5a04d5\">\n.flex_column.av-vj5ga-10d45861da485b9554cf969bfc5a04d5{\n-webkit-border-radius:0px 0px 0px 0px;\n-moz-border-radius:0px 0px 0px 0px;\nborder-radius:0px 0px 0px 0px;\npadding:0px 0px 0px 0px;\n}\n<\/style>\n<div class='flex_column av-vj5ga-10d45861da485b9554cf969bfc5a04d5 av_one_half  avia-builder-el-3  el_after_av_hr  el_before_av_one_half  first flex_column_div av-zero-column-padding '     ><section  class='av_textblock_section av-8h4sn6-58168c733ab2e653944b89957dc45695'  itemscope=\"itemscope\" itemtype=\"https:\/\/schema.org\/CreativeWork\" ><div class='avia_textblock'  itemprop=\"text\" ><h6><strong>LT POC<\/strong> er ett produkt hos Mobit Trondheim.<\/h6>\n<p><strong>Mobit Trondheim<\/strong> er en del av <strong><em>Lyd og Tele Systemer AS<\/em><\/strong>, og har siden 1983 v\u00e6rt en av Midt-Norges ledende firmaer innen salg og service p\u00e5 telekommunikasjonsprodukter.<\/p>\n<p>Vi er en stor akt\u00f8r i Midt-Norge p\u00e5 leveranse og montering av radiokommunikasjon og sambandsradio fra blandt annet Motorola, Hytera, Tele, Icom, Kenwood, Zodiac, Entel, Caltta, Savox og andre. Bruksomr\u00e5der kan v\u00e6re sikringsradio, bygg og anlegg, 4G internettbasert radiokommunikasjon, oppdrett, maritim VHF, brannvesen, vekter og radio.<br \/>\nVi er godkjent og sertifisert fra NKOM<\/p>\n<p>Vi har ogs\u00e5 et bredt utvalg leverand\u00f8rer av IT-l\u00f8sninger og hardware, slik sett vil vi alltid kunne gi v\u00e5re kunder de beste uavhengige r\u00e5dene. Vi har kompetanse og leverer helhetlige l\u00f8sninger innen kategorier som Mobil, IT, radiokommunikasjon, m\u00f8terom, konferanse, med mer.<\/p>\n<p>Vi har i n\u00e6rmere 40 \u00e5r forhandlet telecoml\u00f8sninger, og har gjennomg\u00e5ende kunnskap til produktene og tjenestene vi leverer. Som forhandler jobber vi aktivt sammen med deg som kunde for at bedriften og deres ansatte skal oppleve en problemfri arbeidshverdag. Vi tror p\u00e5 personlig service og som kunde f\u00e5r du 1. Linje support p\u00e5 dagtid, dette for \u00e5 sikre best mulig oppf\u00f8lging.<\/p>\n<\/div><\/section><br \/>\n\n<style type=\"text\/css\" data-created_by=\"avia_inline_auto\" id=\"style-css-av-8fmz56-ef5729ac2cdc8c8fb8d7c61b6de80cd9\">\n#top .hr.hr-invisible.av-8fmz56-ef5729ac2cdc8c8fb8d7c61b6de80cd9{\nheight:30px;\n}\n<\/style>\n<div  class='hr av-8fmz56-ef5729ac2cdc8c8fb8d7c61b6de80cd9 hr-invisible  avia-builder-el-5  el_after_av_textblock  avia-builder-el-last '><span class='hr-inner '><span class=\"hr-inner-style\"><\/span><\/span><\/div><\/p><\/div>\n<style type=\"text\/css\" data-created_by=\"avia_inline_auto\" id=\"style-css-av-7ylum2-4264dd636dc6c4796e22abadd6a7e407\">\n.flex_column.av-7ylum2-4264dd636dc6c4796e22abadd6a7e407{\n-webkit-border-radius:0px 0px 0px 0px;\n-moz-border-radius:0px 0px 0px 0px;\nborder-radius:0px 0px 0px 0px;\npadding:0px 0px 0px 0px;\n}\n<\/style>\n<div class='flex_column av-7ylum2-4264dd636dc6c4796e22abadd6a7e407 av_one_half  avia-builder-el-6  el_after_av_one_half  avia-builder-el-last  flex_column_div av-zero-column-padding '     ><p><section  class='av_textblock_section av-7unlgy-0ec7771c5863c1d8a64871f283573209'  itemscope=\"itemscope\" itemtype=\"https:\/\/schema.org\/CreativeWork\" ><div class='avia_textblock'  itemprop=\"text\" ><p>V\u00e5rt vareutvalg har etter hvert utviklet seg til \u00e5 omfatte det meste innen telekommunikasjon og datal\u00f8sninger;<\/p>\n<ul>\n<li>\n<div>Mobiltelefoner \/ utstyr<\/div>\n<\/li>\n<li>\n<div>Lukket radiosamband PMR (jaktradio, sikringsradio, yrkesradio)<\/div>\n<\/li>\n<li>\n<div>PC \/ Integrerte systeml\u00f8sninger<\/div>\n<\/li>\n<li>\n<div>Telefonsentraler\/-systemer<\/div>\n<\/li>\n<li>\n<div>Betalingsterminaler<\/div>\n<\/li>\n<li>\n<div>Lydanlegg\/tr\u00e5dl\u00f8se mikrofonl\u00f8sninger<\/div>\n<\/li>\n<li>Andre spesiall\u00f8sninger, bl.a. omsorgssystemer (sykesignal\/personellsikring\/trygghetstelefoner) og overv\u00e5kningssystemer (brann, tekniske sentraler, tyveri osv.).<\/li>\n<\/ul>\n<p>V\u00e5re medarbeidere har tilegnet seg en kompetanse som gj\u00f8r oss i stand til \u00e5 takle de fleste problemstillinger innen v\u00e5rt fagomr\u00e5de.<\/p>\n<\/div><\/section><br \/>\n\n<style type=\"text\/css\" data-created_by=\"avia_inline_auto\" id=\"style-css-av-7ohql6-f95d8701cf5aa02057dbf956802b014f\">\n#top .hr.hr-invisible.av-7ohql6-f95d8701cf5aa02057dbf956802b014f{\nheight:30px;\n}\n<\/style>\n<div  class='hr av-7ohql6-f95d8701cf5aa02057dbf956802b014f hr-invisible  avia-builder-el-8  el_after_av_textblock  el_before_av_button '><span class='hr-inner '><span class=\"hr-inner-style\"><\/span><\/span><\/div><br \/>\n<div  class='avia-button-wrap av-qwlb6-a260d23f37de27b0f9e6f18915c1625f-wrap avia-button-left  avia-builder-el-9  el_after_av_hr  avia-builder-el-last ' ><a href='https:\/\/ltpoc.no\/?page_id=632'  class='avia-button av-qwlb6-a260d23f37de27b0f9e6f18915c1625f avia-icon_select-no avia-size-large avia-position-left av-icon-on-hover avia-color-dark' ><span class='avia_iconbox_title' >Kontakt oss i dag!<\/span><\/a><\/div><\/p><\/div><\/div><\/div><\/main><!-- close content main element --><\/div><\/div><div id='after_section_1'  class='main_color av_default_container_wrap container_wrap sidebar_right'  ><div class='container av-section-cont-open' ><div class='template-page content  av-content-small alpha units'><div class='post-entry post-entry-type-page post-entry-626'><div class='entry-content-wrapper clearfix'>\n","protected":false},"excerpt":{"rendered":"","protected":false},"author":1,"featured_media":0,"parent":603,"menu_order":0,"comment_status":"closed","ping_status":"closed","template":"","meta":{"footnotes":""},"class_list":["post-626","page","type-page","status-publish","hentry"],"_links":{"self":[{"href":"https:\/\/ltpoc.no\/index.php?rest_route=\/wp\/v2\/pages\/626","targetHints":{"allow":["GET"]}}],"collection":[{"href":"https:\/\/ltpoc.no\/index.php?rest_route=\/wp\/v2\/pages"}],"about":[{"href":"https:\/\/ltpoc.no\/index.php?rest_route=\/wp\/v2\/types\/page"}],"author":[{"embeddable":true,"href":"https:\/\/ltpoc.no\/index.php?rest_route=\/wp\/v2\/users\/1"}],"replies":[{"embeddable":true,"href":"https:\/\/ltpoc.no\/index.php?rest_route=%2Fwp%2Fv2%2Fcomments&post=626"}],"version-history":[{"count":21,"href":"https:\/\/ltpoc.no\/index.php?rest_route=\/wp\/v2\/pages\/626\/revisions"}],"predecessor-version":[{"id":3487,"href":"https:\/\/ltpoc.no\/index.php?rest_route=\/wp\/v2\/pages\/626\/revisions\/3487"}],"up":[{"embeddable":true,"href":"https:\/\/ltpoc.no\/index.php?rest_route=\/wp\/v2\/pages\/603"}],"wp:attachment":[{"href":"https:\/\/ltpoc.no\/index.php?rest_route=%2Fwp%2Fv2%2Fmedia&parent=626"}],"curies":[{"name":"wp","href":"https:\/\/api.w.org\/{rel}","templated":true}]}}